{"id":870,"date":"2023-09-30T13:32:49","date_gmt":"2023-09-30T10:32:49","guid":{"rendered":"https:\/\/www.powerkh.com\/?page_id=870"},"modified":"2023-10-05T17:40:57","modified_gmt":"2023-10-05T14:40:57","slug":"about-us","status":"publish","type":"page","link":"https:\/\/www.powerkh.com\/es\/about-us\/","title":{"rendered":"Qui\u00e9nes somos"},"content":{"rendered":"","protected":false},"excerpt":{"rendered":"","protected":false},"author":1,"featured_media":331,"parent":0,"menu_order":0,"comment_status":"closed","ping_status":"closed","template":"pages\/template-about.php","meta":{"_acf_changed":false,"inline_featured_image":false,"footnotes":""},"ppma_author":[2],"class_list":["post-870","page","type-page","status-publish","has-post-thumbnail","hentry"],"acf":[],"yoast_head":"<!-- This site is optimized with the Yoast SEO plugin v27.5 - https:\/\/yoast.com\/product\/yoast-seo-wordpress\/ -->\n<title>About Us | Powerkh<\/title>\n<meta name=\"description\" content=\"Powerkh is a digital design consultancy which offers BIM, computational design, structural detailing and digital fabrication expertise. We work with project owners, architects, contractors, developers and engineers to improve the way buildings are designed, built, and operated through the use of digital design tools.\" \/>\n<meta name=\"robots\" content=\"index, follow, max-snippet:-1, max-image-preview:large, max-video-preview:-1\" \/>\n<link rel=\"canonical\" href=\"https:\/\/www.powerkh.com\/es\/about-us\/\" \/>\n<meta property=\"og:locale\" content=\"es_ES\" \/>\n<meta property=\"og:type\" content=\"article\" \/>\n<meta property=\"og:title\" content=\"About Us | Powerkh\" \/>\n<meta property=\"og:description\" content=\"Powerkh is a digital design consultancy which offers BIM, computational design, structural detailing and digital fabrication expertise. We work with project owners, architects, contractors, developers and engineers to improve the way buildings are designed, built, and operated through the use of digital design tools.\" \/>\n<meta property=\"og:url\" content=\"https:\/\/www.powerkh.com\/es\/about-us\/\" \/>\n<meta property=\"og:site_name\" content=\"Powerkh - a trusted BIM for Prefabrication and Fabrication service provider.\" \/>\n<meta property=\"article:modified_time\" content=\"2023-10-05T14:40:57+00:00\" \/>\n<meta property=\"og:image\" content=\"https:\/\/www.powerkh.com\/wp-content\/uploads\/2023\/09\/KRP-sm.jpg\" \/>\n\t<meta property=\"og:image:width\" content=\"360\" \/>\n\t<meta property=\"og:image:height\" content=\"475\" \/>\n\t<meta property=\"og:image:type\" content=\"image\/jpeg\" \/>\n<meta name=\"twitter:card\" content=\"summary_large_image\" \/>\n<script type=\"application\/ld+json\" class=\"yoast-schema-graph\">{\"@context\":\"https:\\\/\\\/schema.org\",\"@graph\":[{\"@type\":\"WebPage\",\"@id\":\"https:\\\/\\\/www.powerkh.com\\\/about-us\\\/\",\"url\":\"https:\\\/\\\/www.powerkh.com\\\/about-us\\\/\",\"name\":\"About Us | Powerkh\",\"isPartOf\":{\"@id\":\"https:\\\/\\\/www.powerkh.com\\\/#website\"},\"primaryImageOfPage\":{\"@id\":\"https:\\\/\\\/www.powerkh.com\\\/about-us\\\/#primaryimage\"},\"image\":{\"@id\":\"https:\\\/\\\/www.powerkh.com\\\/about-us\\\/#primaryimage\"},\"thumbnailUrl\":\"https:\\\/\\\/www.powerkh.com\\\/wp-content\\\/uploads\\\/2023\\\/09\\\/KRP-sm.jpg\",\"datePublished\":\"2023-09-30T10:32:49+00:00\",\"dateModified\":\"2023-10-05T14:40:57+00:00\",\"description\":\"Powerkh is a digital design consultancy which offers BIM, computational design, structural detailing and digital fabrication expertise. We work with project owners, architects, contractors, developers and engineers to improve the way buildings are designed, built, and operated through the use of digital design tools.\",\"breadcrumb\":{\"@id\":\"https:\\\/\\\/www.powerkh.com\\\/about-us\\\/#breadcrumb\"},\"inLanguage\":\"es\",\"potentialAction\":[{\"@type\":\"ReadAction\",\"target\":[\"https:\\\/\\\/www.powerkh.com\\\/about-us\\\/\"]}]},{\"@type\":\"ImageObject\",\"inLanguage\":\"es\",\"@id\":\"https:\\\/\\\/www.powerkh.com\\\/about-us\\\/#primaryimage\",\"url\":\"https:\\\/\\\/www.powerkh.com\\\/wp-content\\\/uploads\\\/2023\\\/09\\\/KRP-sm.jpg\",\"contentUrl\":\"https:\\\/\\\/www.powerkh.com\\\/wp-content\\\/uploads\\\/2023\\\/09\\\/KRP-sm.jpg\",\"width\":360,\"height\":475},{\"@type\":\"BreadcrumbList\",\"@id\":\"https:\\\/\\\/www.powerkh.com\\\/about-us\\\/#breadcrumb\",\"itemListElement\":[{\"@type\":\"ListItem\",\"position\":1,\"name\":\"\u0413\u043b\u0430\u0432\u043d\u0430\u044f \u0441\u0442\u0440\u0430\u043d\u0438\u0446\u0430\",\"item\":\"https:\\\/\\\/www.powerkh.com\\\/\"},{\"@type\":\"ListItem\",\"position\":2,\"name\":\"About us\"}]},{\"@type\":\"WebSite\",\"@id\":\"https:\\\/\\\/www.powerkh.com\\\/#website\",\"url\":\"https:\\\/\\\/www.powerkh.com\\\/\",\"name\":\"Powerkh - a trusted BIM for Prefabrication and Fabrication service provider.\",\"description\":\"Powerkh - a trusted BIM solution provider. 10+ highly qualified BIM\\\/VDC experts. Experience in 3D BIM Modeling (structural, architectural, MEP), Coordination, Revit Clash Detection, Point Cloud to BIM, and Automation Solutions. Contact Us!\",\"publisher\":{\"@id\":\"https:\\\/\\\/www.powerkh.com\\\/#organization\"},\"alternateName\":\"Powerkh\",\"potentialAction\":[{\"@type\":\"SearchAction\",\"target\":{\"@type\":\"EntryPoint\",\"urlTemplate\":\"https:\\\/\\\/www.powerkh.com\\\/?s={search_term_string}\"},\"query-input\":{\"@type\":\"PropertyValueSpecification\",\"valueRequired\":true,\"valueName\":\"search_term_string\"}}],\"inLanguage\":\"es\"},{\"@type\":\"Organization\",\"@id\":\"https:\\\/\\\/www.powerkh.com\\\/#organization\",\"name\":\"Powerkh - a trusted BIM for Prefabrication and Fabrication service provider.\",\"alternateName\":\"Powerkh\",\"url\":\"https:\\\/\\\/www.powerkh.com\\\/\",\"logo\":{\"@type\":\"ImageObject\",\"inLanguage\":\"es\",\"@id\":\"https:\\\/\\\/www.powerkh.com\\\/#\\\/schema\\\/logo\\\/image\\\/\",\"url\":\"https:\\\/\\\/www.powerkh.com\\\/wp-content\\\/uploads\\\/2023\\\/09\\\/video-poster-sm.jpeg\",\"contentUrl\":\"https:\\\/\\\/www.powerkh.com\\\/wp-content\\\/uploads\\\/2023\\\/09\\\/video-poster-sm.jpeg\",\"width\":380,\"height\":253,\"caption\":\"Powerkh - a trusted BIM for Prefabrication and Fabrication service provider.\"},\"image\":{\"@id\":\"https:\\\/\\\/www.powerkh.com\\\/#\\\/schema\\\/logo\\\/image\\\/\"}}]}<\/script>\n<!-- \/ Yoast SEO plugin. -->","yoast_head_json":{"title":"Sobre nosotros | Powerkh","description":"Powerkh es una consultor\u00eda de dise\u00f1o digital que ofrece BIM, dise\u00f1o computacional, detallado estructural y experiencia en fabricaci\u00f3n digital. Trabajamos con propietarios de proyectos, arquitectos, contratistas, promotores e ingenieros para mejorar la forma en que se dise\u00f1an, construyen y operan los edificios mediante el uso de herramientas de dise\u00f1o digital.","robots":{"index":"index","follow":"follow","max-snippet":"max-snippet:-1","max-image-preview":"max-image-preview:large","max-video-preview":"max-video-preview:-1"},"canonical":"https:\/\/www.powerkh.com\/es\/about-us\/","og_locale":"es_ES","og_type":"article","og_title":"About Us | Powerkh","og_description":"Powerkh is a digital design consultancy which offers BIM, computational design, structural detailing and digital fabrication expertise. We work with project owners, architects, contractors, developers and engineers to improve the way buildings are designed, built, and operated through the use of digital design tools.","og_url":"https:\/\/www.powerkh.com\/es\/about-us\/","og_site_name":"Powerkh - a trusted BIM for Prefabrication and Fabrication service provider.","article_modified_time":"2023-10-05T14:40:57+00:00","og_image":[{"width":360,"height":475,"url":"https:\/\/www.powerkh.com\/wp-content\/uploads\/2023\/09\/KRP-sm.jpg","type":"image\/jpeg"}],"twitter_card":"summary_large_image","schema":{"@context":"https:\/\/schema.org","@graph":[{"@type":"WebPage","@id":"https:\/\/www.powerkh.com\/about-us\/","url":"https:\/\/www.powerkh.com\/about-us\/","name":"Sobre nosotros | Powerkh","isPartOf":{"@id":"https:\/\/www.powerkh.com\/#website"},"primaryImageOfPage":{"@id":"https:\/\/www.powerkh.com\/about-us\/#primaryimage"},"image":{"@id":"https:\/\/www.powerkh.com\/about-us\/#primaryimage"},"thumbnailUrl":"https:\/\/www.powerkh.com\/wp-content\/uploads\/2023\/09\/KRP-sm.jpg","datePublished":"2023-09-30T10:32:49+00:00","dateModified":"2023-10-05T14:40:57+00:00","description":"Powerkh es una consultor\u00eda de dise\u00f1o digital que ofrece BIM, dise\u00f1o computacional, detallado estructural y experiencia en fabricaci\u00f3n digital. Trabajamos con propietarios de proyectos, arquitectos, contratistas, promotores e ingenieros para mejorar la forma en que se dise\u00f1an, construyen y operan los edificios mediante el uso de herramientas de dise\u00f1o digital.","breadcrumb":{"@id":"https:\/\/www.powerkh.com\/about-us\/#breadcrumb"},"inLanguage":"es","potentialAction":[{"@type":"ReadAction","target":["https:\/\/www.powerkh.com\/about-us\/"]}]},{"@type":"ImageObject","inLanguage":"es","@id":"https:\/\/www.powerkh.com\/about-us\/#primaryimage","url":"https:\/\/www.powerkh.com\/wp-content\/uploads\/2023\/09\/KRP-sm.jpg","contentUrl":"https:\/\/www.powerkh.com\/wp-content\/uploads\/2023\/09\/KRP-sm.jpg","width":360,"height":475},{"@type":"BreadcrumbList","@id":"https:\/\/www.powerkh.com\/about-us\/#breadcrumb","itemListElement":[{"@type":"ListItem","position":1,"name":"\u0413\u043b\u0430\u0432\u043d\u0430\u044f \u0441\u0442\u0440\u0430\u043d\u0438\u0446\u0430","item":"https:\/\/www.powerkh.com\/"},{"@type":"ListItem","position":2,"name":"About us"}]},{"@type":"WebSite","@id":"https:\/\/www.powerkh.com\/#website","url":"https:\/\/www.powerkh.com\/","name":"Powerkh: un proveedor de confianza de servicios BIM para prefabricaci\u00f3n y fabricaci\u00f3n.","description":"Powerkh: un proveedor de soluciones BIM de confianza. M\u00e1s de 10 expertos en BIM\/VDC altamente cualificados. Experiencia en modelado BIM 3D (estructural, arquitect\u00f3nico, MEP), coordinaci\u00f3n, Revit Clash Detection, nube de puntos a BIM y soluciones de automatizaci\u00f3n. Contacte con nosotros","publisher":{"@id":"https:\/\/www.powerkh.com\/#organization"},"alternateName":"Powerkh","potentialAction":[{"@type":"SearchAction","target":{"@type":"EntryPoint","urlTemplate":"https:\/\/www.powerkh.com\/?s={search_term_string}"},"query-input":{"@type":"PropertyValueSpecification","valueRequired":true,"valueName":"search_term_string"}}],"inLanguage":"es"},{"@type":"Organization","@id":"https:\/\/www.powerkh.com\/#organization","name":"Powerkh: un proveedor de confianza de servicios BIM para prefabricaci\u00f3n y fabricaci\u00f3n.","alternateName":"Powerkh","url":"https:\/\/www.powerkh.com\/","logo":{"@type":"ImageObject","inLanguage":"es","@id":"https:\/\/www.powerkh.com\/#\/schema\/logo\/image\/","url":"https:\/\/www.powerkh.com\/wp-content\/uploads\/2023\/09\/video-poster-sm.jpeg","contentUrl":"https:\/\/www.powerkh.com\/wp-content\/uploads\/2023\/09\/video-poster-sm.jpeg","width":380,"height":253,"caption":"Powerkh - a trusted BIM for Prefabrication and Fabrication service provider."},"image":{"@id":"https:\/\/www.powerkh.com\/#\/schema\/logo\/image\/"}}]}},"_links":{"self":[{"href":"https:\/\/www.powerkh.com\/es\/wp-json\/wp\/v2\/pages\/870","targetHints":{"allow":["GET"]}}],"collection":[{"href":"https:\/\/www.powerkh.com\/es\/wp-json\/wp\/v2\/pages"}],"about":[{"href":"https:\/\/www.powerkh.com\/es\/wp-json\/wp\/v2\/types\/page"}],"author":[{"embeddable":true,"href":"https:\/\/www.powerkh.com\/es\/wp-json\/wp\/v2\/users\/1"}],"replies":[{"embeddable":true,"href":"https:\/\/www.powerkh.com\/es\/wp-json\/wp\/v2\/comments?post=870"}],"version-history":[{"count":2,"href":"https:\/\/www.powerkh.com\/es\/wp-json\/wp\/v2\/pages\/870\/revisions"}],"predecessor-version":[{"id":884,"href":"https:\/\/www.powerkh.com\/es\/wp-json\/wp\/v2\/pages\/870\/revisions\/884"}],"wp:featuredmedia":[{"embeddable":true,"href":"https:\/\/www.powerkh.com\/es\/wp-json\/wp\/v2\/media\/331"}],"wp:attachment":[{"href":"https:\/\/www.powerkh.com\/es\/wp-json\/wp\/v2\/media?parent=870"}],"wp:term":[{"taxonomy":"author","embeddable":true,"href":"https:\/\/www.powerkh.com\/es\/wp-json\/wp\/v2\/ppma_author?post=870"}],"curies":[{"name":"wp","href":"https:\/\/api.w.org\/{rel}","templated":true}]}}