{"id":2,"date":"2023-09-02T10:03:39","date_gmt":"2023-09-02T07:03:39","guid":{"rendered":"https:\/\/www.powerkh.com\/?page_id=2"},"modified":"2026-04-09T14:03:10","modified_gmt":"2026-04-09T11:03:10","slug":"front-page","status":"publish","type":"page","link":"https:\/\/www.powerkh.com\/de\/","title":{"rendered":"Startseite"},"content":{"rendered":"","protected":false},"excerpt":{"rendered":"","protected":false},"author":1,"featured_media":349,"parent":0,"menu_order":0,"comment_status":"closed","ping_status":"closed","template":"","meta":{"_acf_changed":false,"inline_featured_image":false,"footnotes":""},"ppma_author":[2],"class_list":["post-2","page","type-page","status-publish","has-post-thumbnail","hentry"],"acf":[],"yoast_head":"<!-- This site is optimized with the Yoast SEO plugin v27.5 - https:\/\/yoast.com\/product\/yoast-seo-wordpress\/ -->\n<title>BIM Services \u2013 Powerkh BIM &amp; VDC Outsourcing Company<\/title>\n<meta name=\"description\" content=\"Powerkh - a trusted BIM solution provider. 10+ highly qualified BIM\/VDC experts. Experience in 3D BIM Modeling (structural, architectural, MEP), Coordination, Revit Clash Detection, Point Cloud to BIM, and Automation Solutions. Contact Us!\" \/>\n<meta name=\"robots\" content=\"index, follow, max-snippet:-1, max-image-preview:large, max-video-preview:-1\" \/>\n<link rel=\"canonical\" href=\"https:\/\/www.powerkh.com\/de\/\" \/>\n<meta property=\"og:locale\" content=\"de_DE\" \/>\n<meta property=\"og:type\" content=\"article\" \/>\n<meta property=\"og:title\" content=\"BIM Services \u2013 Powerkh BIM &amp; VDC Outsourcing Company\" \/>\n<meta property=\"og:description\" content=\"Powerkh - a trusted BIM solution provider. 10+ highly qualified BIM\/VDC experts. Experience in 3D BIM Modeling (structural, architectural, MEP), Coordination, Revit Clash Detection, Point Cloud to BIM, and Automation Solutions. Contact Us!\" \/>\n<meta property=\"og:url\" content=\"https:\/\/www.powerkh.com\/de\/\" \/>\n<meta property=\"og:site_name\" content=\"Powerkh - a trusted BIM for Prefabrication and Fabrication service provider.\" \/>\n<meta property=\"article:modified_time\" content=\"2026-04-09T11:03:10+00:00\" \/>\n<meta property=\"og:image\" content=\"https:\/\/www.powerkh.com\/wp-content\/uploads\/2023\/09\/video-poster-sm.jpeg\" \/>\n\t<meta property=\"og:image:width\" content=\"380\" \/>\n\t<meta property=\"og:image:height\" content=\"253\" \/>\n\t<meta property=\"og:image:type\" content=\"image\/jpeg\" \/>\n<meta name=\"twitter:card\" content=\"summary_large_image\" \/>\n<script type=\"application\/ld+json\" class=\"yoast-schema-graph\">{\"@context\":\"https:\\\/\\\/schema.org\",\"@graph\":[{\"@type\":\"WebPage\",\"@id\":\"https:\\\/\\\/www.powerkh.com\\\/\",\"url\":\"https:\\\/\\\/www.powerkh.com\\\/\",\"name\":\"BIM Services \u2013 Powerkh BIM & VDC Outsourcing Company\",\"isPartOf\":{\"@id\":\"https:\\\/\\\/www.powerkh.com\\\/#website\"},\"primaryImageOfPage\":{\"@id\":\"https:\\\/\\\/www.powerkh.com\\\/#primaryimage\"},\"image\":{\"@id\":\"https:\\\/\\\/www.powerkh.com\\\/#primaryimage\"},\"thumbnailUrl\":\"https:\\\/\\\/www.powerkh.com\\\/wp-content\\\/uploads\\\/2023\\\/09\\\/video-poster-sm.jpeg\",\"datePublished\":\"2023-09-02T07:03:39+00:00\",\"dateModified\":\"2026-04-09T11:03:10+00:00\",\"description\":\"Powerkh - a trusted BIM solution provider. 10+ highly qualified BIM\\\/VDC experts. Experience in 3D BIM Modeling (structural, architectural, MEP), Coordination, Revit Clash Detection, Point Cloud to BIM, and Automation Solutions. Contact Us!\",\"breadcrumb\":{\"@id\":\"https:\\\/\\\/www.powerkh.com\\\/#breadcrumb\"},\"inLanguage\":\"de\",\"potentialAction\":[{\"@type\":\"ReadAction\",\"target\":[\"https:\\\/\\\/www.powerkh.com\\\/\"]}]},{\"@type\":\"ImageObject\",\"inLanguage\":\"de\",\"@id\":\"https:\\\/\\\/www.powerkh.com\\\/#primaryimage\",\"url\":\"https:\\\/\\\/www.powerkh.com\\\/wp-content\\\/uploads\\\/2023\\\/09\\\/video-poster-sm.jpeg\",\"contentUrl\":\"https:\\\/\\\/www.powerkh.com\\\/wp-content\\\/uploads\\\/2023\\\/09\\\/video-poster-sm.jpeg\",\"width\":380,\"height\":253},{\"@type\":\"BreadcrumbList\",\"@id\":\"https:\\\/\\\/www.powerkh.com\\\/#breadcrumb\",\"itemListElement\":[{\"@type\":\"ListItem\",\"position\":1,\"name\":\"\u0413\u043b\u0430\u0432\u043d\u0430\u044f \u0441\u0442\u0440\u0430\u043d\u0438\u0446\u0430\",\"item\":\"https:\\\/\\\/www.powerkh.com\\\/\"},{\"@type\":\"ListItem\",\"position\":2,\"name\":\"Home\"}]},{\"@type\":\"WebSite\",\"@id\":\"https:\\\/\\\/www.powerkh.com\\\/#website\",\"url\":\"https:\\\/\\\/www.powerkh.com\\\/\",\"name\":\"Powerkh - a trusted BIM for Prefabrication and Fabrication service provider.\",\"description\":\"Powerkh - a trusted BIM solution provider. 10+ highly qualified BIM\\\/VDC experts. Experience in 3D BIM Modeling (structural, architectural, MEP), Coordination, Revit Clash Detection, Point Cloud to BIM, and Automation Solutions. Contact Us!\",\"publisher\":{\"@id\":\"https:\\\/\\\/www.powerkh.com\\\/#organization\"},\"alternateName\":\"Powerkh\",\"potentialAction\":[{\"@type\":\"SearchAction\",\"target\":{\"@type\":\"EntryPoint\",\"urlTemplate\":\"https:\\\/\\\/www.powerkh.com\\\/?s={search_term_string}\"},\"query-input\":{\"@type\":\"PropertyValueSpecification\",\"valueRequired\":true,\"valueName\":\"search_term_string\"}}],\"inLanguage\":\"de\"},{\"@type\":\"Organization\",\"@id\":\"https:\\\/\\\/www.powerkh.com\\\/#organization\",\"name\":\"Powerkh - a trusted BIM for Prefabrication and Fabrication service provider.\",\"alternateName\":\"Powerkh\",\"url\":\"https:\\\/\\\/www.powerkh.com\\\/\",\"logo\":{\"@type\":\"ImageObject\",\"inLanguage\":\"de\",\"@id\":\"https:\\\/\\\/www.powerkh.com\\\/#\\\/schema\\\/logo\\\/image\\\/\",\"url\":\"https:\\\/\\\/www.powerkh.com\\\/wp-content\\\/uploads\\\/2023\\\/09\\\/video-poster-sm.jpeg\",\"contentUrl\":\"https:\\\/\\\/www.powerkh.com\\\/wp-content\\\/uploads\\\/2023\\\/09\\\/video-poster-sm.jpeg\",\"width\":380,\"height\":253,\"caption\":\"Powerkh - a trusted BIM for Prefabrication and Fabrication service provider.\"},\"image\":{\"@id\":\"https:\\\/\\\/www.powerkh.com\\\/#\\\/schema\\\/logo\\\/image\\\/\"}}]}<\/script>\n<!-- \/ Yoast SEO plugin. -->","yoast_head_json":{"title":"BIM Dienstleistungen - Powerkh BIM &amp; VDC Outsourcing Unternehmen","description":"Powerkh - ein zuverl\u00e4ssiger Anbieter von BIM-L\u00f6sungen. 10+ hochqualifizierte BIM\/VDC-Experten. Erfahrung in 3D-BIM-Modellierung (Statik, Architektur, MEP), Koordination, Revit Clash Detection, Point Cloud to BIM und Automatisierungsl\u00f6sungen. Kontaktieren Sie uns!","robots":{"index":"index","follow":"follow","max-snippet":"max-snippet:-1","max-image-preview":"max-image-preview:large","max-video-preview":"max-video-preview:-1"},"canonical":"https:\/\/www.powerkh.com\/de\/","og_locale":"de_DE","og_type":"article","og_title":"BIM Services \u2013 Powerkh BIM & VDC Outsourcing Company","og_description":"Powerkh - a trusted BIM solution provider. 10+ highly qualified BIM\/VDC experts. Experience in 3D BIM Modeling (structural, architectural, MEP), Coordination, Revit Clash Detection, Point Cloud to BIM, and Automation Solutions. Contact Us!","og_url":"https:\/\/www.powerkh.com\/de\/","og_site_name":"Powerkh - a trusted BIM for Prefabrication and Fabrication service provider.","article_modified_time":"2026-04-09T11:03:10+00:00","og_image":[{"width":380,"height":253,"url":"https:\/\/www.powerkh.com\/wp-content\/uploads\/2023\/09\/video-poster-sm.jpeg","type":"image\/jpeg"}],"twitter_card":"summary_large_image","schema":{"@context":"https:\/\/schema.org","@graph":[{"@type":"WebPage","@id":"https:\/\/www.powerkh.com\/","url":"https:\/\/www.powerkh.com\/","name":"BIM Dienstleistungen - Powerkh BIM &amp; VDC Outsourcing Unternehmen","isPartOf":{"@id":"https:\/\/www.powerkh.com\/#website"},"primaryImageOfPage":{"@id":"https:\/\/www.powerkh.com\/#primaryimage"},"image":{"@id":"https:\/\/www.powerkh.com\/#primaryimage"},"thumbnailUrl":"https:\/\/www.powerkh.com\/wp-content\/uploads\/2023\/09\/video-poster-sm.jpeg","datePublished":"2023-09-02T07:03:39+00:00","dateModified":"2026-04-09T11:03:10+00:00","description":"Powerkh - ein zuverl\u00e4ssiger Anbieter von BIM-L\u00f6sungen. 10+ hochqualifizierte BIM\/VDC-Experten. Erfahrung in 3D-BIM-Modellierung (Statik, Architektur, MEP), Koordination, Revit Clash Detection, Point Cloud to BIM und Automatisierungsl\u00f6sungen. Kontaktieren Sie uns!","breadcrumb":{"@id":"https:\/\/www.powerkh.com\/#breadcrumb"},"inLanguage":"de","potentialAction":[{"@type":"ReadAction","target":["https:\/\/www.powerkh.com\/"]}]},{"@type":"ImageObject","inLanguage":"de","@id":"https:\/\/www.powerkh.com\/#primaryimage","url":"https:\/\/www.powerkh.com\/wp-content\/uploads\/2023\/09\/video-poster-sm.jpeg","contentUrl":"https:\/\/www.powerkh.com\/wp-content\/uploads\/2023\/09\/video-poster-sm.jpeg","width":380,"height":253},{"@type":"BreadcrumbList","@id":"https:\/\/www.powerkh.com\/#breadcrumb","itemListElement":[{"@type":"ListItem","position":1,"name":"\u0413\u043b\u0430\u0432\u043d\u0430\u044f \u0441\u0442\u0440\u0430\u043d\u0438\u0446\u0430","item":"https:\/\/www.powerkh.com\/"},{"@type":"ListItem","position":2,"name":"Home"}]},{"@type":"WebSite","@id":"https:\/\/www.powerkh.com\/#website","url":"https:\/\/www.powerkh.com\/","name":"Powerkh - ein zuverl\u00e4ssiger BIM-Dienstleister f\u00fcr Vorfertigung und Fertigung.","description":"Powerkh - ein zuverl\u00e4ssiger Anbieter von BIM-L\u00f6sungen. 10+ hochqualifizierte BIM\/VDC-Experten. Erfahrung in 3D-BIM-Modellierung (Statik, Architektur, MEP), Koordination, Revit Clash Detection, Point Cloud to BIM und Automatisierungsl\u00f6sungen. Kontaktieren Sie uns!","publisher":{"@id":"https:\/\/www.powerkh.com\/#organization"},"alternateName":"Powerkh","potentialAction":[{"@type":"SearchAction","target":{"@type":"EntryPoint","urlTemplate":"https:\/\/www.powerkh.com\/?s={search_term_string}"},"query-input":{"@type":"PropertyValueSpecification","valueRequired":true,"valueName":"search_term_string"}}],"inLanguage":"de"},{"@type":"Organization","@id":"https:\/\/www.powerkh.com\/#organization","name":"Powerkh - ein zuverl\u00e4ssiger BIM-Dienstleister f\u00fcr Vorfertigung und Fertigung.","alternateName":"Powerkh","url":"https:\/\/www.powerkh.com\/","logo":{"@type":"ImageObject","inLanguage":"de","@id":"https:\/\/www.powerkh.com\/#\/schema\/logo\/image\/","url":"https:\/\/www.powerkh.com\/wp-content\/uploads\/2023\/09\/video-poster-sm.jpeg","contentUrl":"https:\/\/www.powerkh.com\/wp-content\/uploads\/2023\/09\/video-poster-sm.jpeg","width":380,"height":253,"caption":"Powerkh - a trusted BIM for Prefabrication and Fabrication service provider."},"image":{"@id":"https:\/\/www.powerkh.com\/#\/schema\/logo\/image\/"}}]}},"_links":{"self":[{"href":"https:\/\/www.powerkh.com\/de\/wp-json\/wp\/v2\/pages\/2","targetHints":{"allow":["GET"]}}],"collection":[{"href":"https:\/\/www.powerkh.com\/de\/wp-json\/wp\/v2\/pages"}],"about":[{"href":"https:\/\/www.powerkh.com\/de\/wp-json\/wp\/v2\/types\/page"}],"author":[{"embeddable":true,"href":"https:\/\/www.powerkh.com\/de\/wp-json\/wp\/v2\/users\/1"}],"replies":[{"embeddable":true,"href":"https:\/\/www.powerkh.com\/de\/wp-json\/wp\/v2\/comments?post=2"}],"version-history":[{"count":19,"href":"https:\/\/www.powerkh.com\/de\/wp-json\/wp\/v2\/pages\/2\/revisions"}],"predecessor-version":[{"id":5162,"href":"https:\/\/www.powerkh.com\/de\/wp-json\/wp\/v2\/pages\/2\/revisions\/5162"}],"wp:featuredmedia":[{"embeddable":true,"href":"https:\/\/www.powerkh.com\/de\/wp-json\/wp\/v2\/media\/349"}],"wp:attachment":[{"href":"https:\/\/www.powerkh.com\/de\/wp-json\/wp\/v2\/media?parent=2"}],"wp:term":[{"taxonomy":"author","embeddable":true,"href":"https:\/\/www.powerkh.com\/de\/wp-json\/wp\/v2\/ppma_author?post=2"}],"curies":[{"name":"wp","href":"https:\/\/api.w.org\/{rel}","templated":true}]}}