{"id":1027,"date":"2023-10-07T11:24:26","date_gmt":"2023-10-07T08:24:26","guid":{"rendered":"https:\/\/www.powerkh.com\/?page_id=1027"},"modified":"2025-01-30T12:53:22","modified_gmt":"2025-01-30T09:53:22","slug":"career","status":"publish","type":"page","link":"https:\/\/www.powerkh.com\/de\/career\/","title":{"rendered":"Karriere"},"content":{"rendered":"","protected":false},"excerpt":{"rendered":"","protected":false},"author":1,"featured_media":0,"parent":0,"menu_order":0,"comment_status":"closed","ping_status":"closed","template":"pages\/template-career.php","meta":{"_acf_changed":false,"inline_featured_image":false,"footnotes":""},"ppma_author":[2],"class_list":["post-1027","page","type-page","status-publish","hentry"],"acf":[],"yoast_head":"<!-- This site is optimized with the Yoast SEO plugin v27.5 - https:\/\/yoast.com\/product\/yoast-seo-wordpress\/ -->\n<title>Career | Powerkh<\/title>\n<meta name=\"description\" content=\"We are actively expanding our team and are looking for the same enthusiasts, like us, to work on worldwide projects. Drop a request via trp@powerkh.com and let&#039;s shape new worlds together.\" \/>\n<meta name=\"robots\" content=\"index, follow, max-snippet:-1, max-image-preview:large, max-video-preview:-1\" \/>\n<link rel=\"canonical\" href=\"https:\/\/www.powerkh.com\/de\/career\/\" \/>\n<meta property=\"og:locale\" content=\"de_DE\" \/>\n<meta property=\"og:type\" content=\"article\" \/>\n<meta property=\"og:title\" content=\"WANT TO JOIN OUR TEAM?\" \/>\n<meta property=\"og:description\" content=\"We are actively expanding our team and are looking for the same enthusiasts, like us, to work on worldwide projects. Drop a request via trp@powerkh.com and let&#039;s shape new worlds together.\" \/>\n<meta property=\"og:url\" content=\"https:\/\/www.powerkh.com\/de\/career\/\" \/>\n<meta property=\"og:site_name\" content=\"Powerkh - a trusted BIM for Prefabrication and Fabrication service provider.\" \/>\n<meta property=\"article:modified_time\" content=\"2025-01-30T09:53:22+00:00\" \/>\n<meta property=\"og:image\" content=\"https:\/\/www.powerkh.com\/wp-content\/uploads\/2023\/09\/video-poster-sm.jpeg\" \/>\n\t<meta property=\"og:image:width\" content=\"380\" \/>\n\t<meta property=\"og:image:height\" content=\"253\" \/>\n\t<meta property=\"og:image:type\" content=\"image\/jpeg\" \/>\n<meta name=\"twitter:card\" content=\"summary_large_image\" \/>\n<meta name=\"twitter:title\" content=\"WANT TO JOIN OUR TEAM?\" \/>\n<meta name=\"twitter:description\" content=\"We are actively expanding our team and are looking for the same enthusiasts, like us, to work on worldwide projects. Drop a request via trp@powerkh.com and let&#039;s shape new worlds together.\" \/>\n<script type=\"application\/ld+json\" class=\"yoast-schema-graph\">{\"@context\":\"https:\\\/\\\/schema.org\",\"@graph\":[{\"@type\":\"WebPage\",\"@id\":\"https:\\\/\\\/www.powerkh.com\\\/career\\\/\",\"url\":\"https:\\\/\\\/www.powerkh.com\\\/career\\\/\",\"name\":\"Career | Powerkh\",\"isPartOf\":{\"@id\":\"https:\\\/\\\/www.powerkh.com\\\/#website\"},\"datePublished\":\"2023-10-07T08:24:26+00:00\",\"dateModified\":\"2025-01-30T09:53:22+00:00\",\"description\":\"We are actively expanding our team and are looking for the same enthusiasts, like us, to work on worldwide projects. Drop a request via trp@powerkh.com and let's shape new worlds together.\",\"breadcrumb\":{\"@id\":\"https:\\\/\\\/www.powerkh.com\\\/career\\\/#breadcrumb\"},\"inLanguage\":\"de\",\"potentialAction\":[{\"@type\":\"ReadAction\",\"target\":[\"https:\\\/\\\/www.powerkh.com\\\/career\\\/\"]}]},{\"@type\":\"BreadcrumbList\",\"@id\":\"https:\\\/\\\/www.powerkh.com\\\/career\\\/#breadcrumb\",\"itemListElement\":[{\"@type\":\"ListItem\",\"position\":1,\"name\":\"\u0413\u043b\u0430\u0432\u043d\u0430\u044f \u0441\u0442\u0440\u0430\u043d\u0438\u0446\u0430\",\"item\":\"https:\\\/\\\/www.powerkh.com\\\/\"},{\"@type\":\"ListItem\",\"position\":2,\"name\":\"Career\"}]},{\"@type\":\"WebSite\",\"@id\":\"https:\\\/\\\/www.powerkh.com\\\/#website\",\"url\":\"https:\\\/\\\/www.powerkh.com\\\/\",\"name\":\"Powerkh - a trusted BIM for Prefabrication and Fabrication service provider.\",\"description\":\"Powerkh - a trusted BIM solution provider. 10+ highly qualified BIM\\\/VDC experts. Experience in 3D BIM Modeling (structural, architectural, MEP), Coordination, Revit Clash Detection, Point Cloud to BIM, and Automation Solutions. Contact Us!\",\"publisher\":{\"@id\":\"https:\\\/\\\/www.powerkh.com\\\/#organization\"},\"alternateName\":\"Powerkh\",\"potentialAction\":[{\"@type\":\"SearchAction\",\"target\":{\"@type\":\"EntryPoint\",\"urlTemplate\":\"https:\\\/\\\/www.powerkh.com\\\/?s={search_term_string}\"},\"query-input\":{\"@type\":\"PropertyValueSpecification\",\"valueRequired\":true,\"valueName\":\"search_term_string\"}}],\"inLanguage\":\"de\"},{\"@type\":\"Organization\",\"@id\":\"https:\\\/\\\/www.powerkh.com\\\/#organization\",\"name\":\"Powerkh - a trusted BIM for Prefabrication and Fabrication service provider.\",\"alternateName\":\"Powerkh\",\"url\":\"https:\\\/\\\/www.powerkh.com\\\/\",\"logo\":{\"@type\":\"ImageObject\",\"inLanguage\":\"de\",\"@id\":\"https:\\\/\\\/www.powerkh.com\\\/#\\\/schema\\\/logo\\\/image\\\/\",\"url\":\"https:\\\/\\\/www.powerkh.com\\\/wp-content\\\/uploads\\\/2023\\\/09\\\/video-poster-sm.jpeg\",\"contentUrl\":\"https:\\\/\\\/www.powerkh.com\\\/wp-content\\\/uploads\\\/2023\\\/09\\\/video-poster-sm.jpeg\",\"width\":380,\"height\":253,\"caption\":\"Powerkh - a trusted BIM for Prefabrication and Fabrication service provider.\"},\"image\":{\"@id\":\"https:\\\/\\\/www.powerkh.com\\\/#\\\/schema\\\/logo\\\/image\\\/\"}}]}<\/script>\n<!-- \/ Yoast SEO plugin. -->","yoast_head_json":{"title":"Karriere | Powerkh","description":"Wir bauen unser Team aktiv aus und suchen nach Gleichgesinnten, die wie wir an weltweiten Projekten arbeiten m\u00f6chten. Schicken Sie uns eine Anfrage \u00fcber trp@powerkh.com und lassen Sie uns gemeinsam neue Welten erschaffen.","robots":{"index":"index","follow":"follow","max-snippet":"max-snippet:-1","max-image-preview":"max-image-preview:large","max-video-preview":"max-video-preview:-1"},"canonical":"https:\/\/www.powerkh.com\/de\/career\/","og_locale":"de_DE","og_type":"article","og_title":"WANT TO JOIN OUR TEAM?","og_description":"We are actively expanding our team and are looking for the same enthusiasts, like us, to work on worldwide projects. Drop a request via trp@powerkh.com and let's shape new worlds together.","og_url":"https:\/\/www.powerkh.com\/de\/career\/","og_site_name":"Powerkh - a trusted BIM for Prefabrication and Fabrication service provider.","article_modified_time":"2025-01-30T09:53:22+00:00","og_image":[{"width":380,"height":253,"url":"https:\/\/www.powerkh.com\/wp-content\/uploads\/2023\/09\/video-poster-sm.jpeg","type":"image\/jpeg"}],"twitter_card":"summary_large_image","twitter_title":"WANT TO JOIN OUR TEAM?","twitter_description":"We are actively expanding our team and are looking for the same enthusiasts, like us, to work on worldwide projects. Drop a request via trp@powerkh.com and let's shape new worlds together.","schema":{"@context":"https:\/\/schema.org","@graph":[{"@type":"WebPage","@id":"https:\/\/www.powerkh.com\/career\/","url":"https:\/\/www.powerkh.com\/career\/","name":"Karriere | Powerkh","isPartOf":{"@id":"https:\/\/www.powerkh.com\/#website"},"datePublished":"2023-10-07T08:24:26+00:00","dateModified":"2025-01-30T09:53:22+00:00","description":"Wir bauen unser Team aktiv aus und suchen nach Gleichgesinnten, die wie wir an weltweiten Projekten arbeiten m\u00f6chten. Schicken Sie uns eine Anfrage \u00fcber trp@powerkh.com und lassen Sie uns gemeinsam neue Welten erschaffen.","breadcrumb":{"@id":"https:\/\/www.powerkh.com\/career\/#breadcrumb"},"inLanguage":"de","potentialAction":[{"@type":"ReadAction","target":["https:\/\/www.powerkh.com\/career\/"]}]},{"@type":"BreadcrumbList","@id":"https:\/\/www.powerkh.com\/career\/#breadcrumb","itemListElement":[{"@type":"ListItem","position":1,"name":"\u0413\u043b\u0430\u0432\u043d\u0430\u044f \u0441\u0442\u0440\u0430\u043d\u0438\u0446\u0430","item":"https:\/\/www.powerkh.com\/"},{"@type":"ListItem","position":2,"name":"Career"}]},{"@type":"WebSite","@id":"https:\/\/www.powerkh.com\/#website","url":"https:\/\/www.powerkh.com\/","name":"Powerkh - ein zuverl\u00e4ssiger BIM-Dienstleister f\u00fcr Vorfertigung und Fertigung.","description":"Powerkh - ein zuverl\u00e4ssiger Anbieter von BIM-L\u00f6sungen. 10+ hochqualifizierte BIM\/VDC-Experten. Erfahrung in 3D-BIM-Modellierung (Statik, Architektur, MEP), Koordination, Revit Clash Detection, Point Cloud to BIM und Automatisierungsl\u00f6sungen. Kontaktieren Sie uns!","publisher":{"@id":"https:\/\/www.powerkh.com\/#organization"},"alternateName":"Powerkh","potentialAction":[{"@type":"SearchAction","target":{"@type":"EntryPoint","urlTemplate":"https:\/\/www.powerkh.com\/?s={search_term_string}"},"query-input":{"@type":"PropertyValueSpecification","valueRequired":true,"valueName":"search_term_string"}}],"inLanguage":"de"},{"@type":"Organization","@id":"https:\/\/www.powerkh.com\/#organization","name":"Powerkh - ein zuverl\u00e4ssiger BIM-Dienstleister f\u00fcr Vorfertigung und Fertigung.","alternateName":"Powerkh","url":"https:\/\/www.powerkh.com\/","logo":{"@type":"ImageObject","inLanguage":"de","@id":"https:\/\/www.powerkh.com\/#\/schema\/logo\/image\/","url":"https:\/\/www.powerkh.com\/wp-content\/uploads\/2023\/09\/video-poster-sm.jpeg","contentUrl":"https:\/\/www.powerkh.com\/wp-content\/uploads\/2023\/09\/video-poster-sm.jpeg","width":380,"height":253,"caption":"Powerkh - a trusted BIM for Prefabrication and Fabrication service provider."},"image":{"@id":"https:\/\/www.powerkh.com\/#\/schema\/logo\/image\/"}}]}},"_links":{"self":[{"href":"https:\/\/www.powerkh.com\/de\/wp-json\/wp\/v2\/pages\/1027","targetHints":{"allow":["GET"]}}],"collection":[{"href":"https:\/\/www.powerkh.com\/de\/wp-json\/wp\/v2\/pages"}],"about":[{"href":"https:\/\/www.powerkh.com\/de\/wp-json\/wp\/v2\/types\/page"}],"author":[{"embeddable":true,"href":"https:\/\/www.powerkh.com\/de\/wp-json\/wp\/v2\/users\/1"}],"replies":[{"embeddable":true,"href":"https:\/\/www.powerkh.com\/de\/wp-json\/wp\/v2\/comments?post=1027"}],"version-history":[{"count":20,"href":"https:\/\/www.powerkh.com\/de\/wp-json\/wp\/v2\/pages\/1027\/revisions"}],"predecessor-version":[{"id":1888,"href":"https:\/\/www.powerkh.com\/de\/wp-json\/wp\/v2\/pages\/1027\/revisions\/1888"}],"wp:attachment":[{"href":"https:\/\/www.powerkh.com\/de\/wp-json\/wp\/v2\/media?parent=1027"}],"wp:term":[{"taxonomy":"author","embeddable":true,"href":"https:\/\/www.powerkh.com\/de\/wp-json\/wp\/v2\/ppma_author?post=1027"}],"curies":[{"name":"wp","href":"https:\/\/api.w.org\/{rel}","templated":true}]}}